{"id":12,"date":"2023-02-27T18:18:55","date_gmt":"2023-02-27T17:18:55","guid":{"rendered":"https:\/\/zwbes.de\/?page_id=12"},"modified":"2023-03-25T22:31:12","modified_gmt":"2023-03-25T21:31:12","slug":"wir","status":"publish","type":"page","link":"https:\/\/zwbes.de\/?page_id=12","title":{"rendered":"Wir"},"content":{"rendered":"<h3>Das 21. Jahrhundert braucht Visionen &#8211; Geschichten von besseren Lebensweisen, Geschichten \u00fcber eine gelingende Zukunft.<\/h3>\n<p>Der stete Ruf nach mehr Wachstum und das blo\u00dfe Kurieren an Symptomen scheinen unsere heutigen Probleme nicht l\u00f6sen zu k\u00f6nnen und keine Perspektive f\u00fcr die Zukunft zu bieten. Brauchen wir andere Formen des Wachstums oder m\u00fcssen wir vielleicht sogar grunds\u00e4tzlich andere Wege gehen? Und was kann direkt vor Ort getan werden? Diesen Fragen widmet sich die Zukunftswerkstatt Besigheim.<\/p>\n<p>Bei der Zukunftswerkstatt Besigheim handelt es sich um einen offenen Zusammenschluss verschiedener Gruppen (bisher sind dies <a href=\"https:\/\/www.attac-netzwerk.de\/ludwigsburg-besigheim\/\" target=\"_blank\" rel=\"noopener\">attac-Ludwigsburg-Besigheim<\/a>, <a href=\"https:\/\/rv-stuttgart.bund-bawue.de\/ueber-uns\/in-der-region\/kreis-ludwigsburg\/bezirk-stromberg-neckartal\/\" target=\"_blank\" rel=\"noopener\">BUND Stromberg-Mittlerer Neckar<\/a>) und Einzelpersonen. Neben Bildungsarbeit in Form von Filmabenden und Diskussionen steht die Umsetzung konkreter Projekte vor Ort an erster Stelle. Die Zukunftswerkstatt versteht sich als Lernort und Plattform der Vernetzung.<\/p>\n","protected":false},"excerpt":{"rendered":"<p>Das 21. Jahrhundert braucht Visionen &#8211; Geschichten von besseren Lebensweisen, Geschichten \u00fcber eine gelingende Zukunft. Der stete Ruf nach mehr Wachstum und das blo\u00dfe Kurieren an Symptomen scheinen unsere heutigen Probleme nicht l\u00f6sen zu k\u00f6nnen und keine Perspektive f\u00fcr die Zukunft zu bieten. Brauchen wir andere Formen des Wachstums oder m\u00fcssen wir vielleicht sogar grunds\u00e4tzlich [&hellip;]<\/p>\n","protected":false},"author":3,"featured_media":0,"parent":0,"menu_order":0,"comment_status":"closed","ping_status":"closed","template":"","meta":{"footnotes":""},"class_list":["post-12","page","type-page","status-publish","hentry"],"_links":{"self":[{"href":"https:\/\/zwbes.de\/index.php?rest_route=\/wp\/v2\/pages\/12","targetHints":{"allow":["GET"]}}],"collection":[{"href":"https:\/\/zwbes.de\/index.php?rest_route=\/wp\/v2\/pages"}],"about":[{"href":"https:\/\/zwbes.de\/index.php?rest_route=\/wp\/v2\/types\/page"}],"author":[{"embeddable":true,"href":"https:\/\/zwbes.de\/index.php?rest_route=\/wp\/v2\/users\/3"}],"replies":[{"embeddable":true,"href":"https:\/\/zwbes.de\/index.php?rest_route=%2Fwp%2Fv2%2Fcomments&post=12"}],"version-history":[{"count":6,"href":"https:\/\/zwbes.de\/index.php?rest_route=\/wp\/v2\/pages\/12\/revisions"}],"predecessor-version":[{"id":42,"href":"https:\/\/zwbes.de\/index.php?rest_route=\/wp\/v2\/pages\/12\/revisions\/42"}],"wp:attachment":[{"href":"https:\/\/zwbes.de\/index.php?rest_route=%2Fwp%2Fv2%2Fmedia&parent=12"}],"curies":[{"name":"wp","href":"https:\/\/api.w.org\/{rel}","templated":true}]}}